{"id":39,"date":"2017-04-12T15:32:04","date_gmt":"2017-04-12T18:32:04","guid":{"rendered":"http:\/\/www.fulltrucktransportes.com.br\/wp\/?page_id=39"},"modified":"2017-04-13T09:36:03","modified_gmt":"2017-04-13T12:36:03","slug":"localizacao","status":"publish","type":"page","link":"https:\/\/www.fulltrucktransportes.com.br\/wp\/localizacao\/","title":{"rendered":"Localiza\u00e7\u00e3o"},"content":{"rendered":"<p>A fim de promover melhor acessibilidade, excel\u00eancia no transporte e satisfa\u00e7\u00e3o de nossos clientes, nossa empresa est\u00e1 localizada em um ponto estrat\u00e9gico de Guarulhos, entre o <b>Rodoanel<\/b>, <b>Rodovia Presidente <\/b><b>Dutra e Rodovia Airton Senna<\/b>, o que viabiliza um melhor atendimento.<\/p>\n\r\n<div class=\"huge_it_google_map_container\">\r\n    <div id=\"huge_it_google_map_8753\" data-map_id=\"1\"\r\n         class=\"huge_it_google_map\" style=\"\r\n    position:relative !important;\r\n    height:300px;\r\n    width:100%;\r\n    border-radius:0px;\r\n    margin:0px auto;\"\r\n         data-name=\"My First Map\"\r\n         data-type=\"ROADMAP\"\r\n         data-zoom=\"12\"\r\n         data-min-zoom=\"0\"\r\n         data-max-zoom=\"21\"\r\n         data-border-radius=\"0\"\r\n         data-center-lat=\"-23.4740135\"\r\n         data-center-lng=\"-46.4759022\"\r\n         data-pan-controller=\"1\"\r\n         data-zoom-controller=\"1\"\r\n         data-type-controller=\"1\"\r\n         data-scale-controller=\"1\"\r\n         data-street-view-controller=\"1\"\r\n         data-overview-map-controller=\"1\"\r\n         data-width=\"100\"\r\n         data-height=\"300\"\r\n         data-align=\"center\"\r\n         data-info-type=\"click\"\r\n         data-open-infowindows-onload=\"0\"\r\n         data-animation=\"none\"\r\n         data-language=\"location based\"\r\n         data-draggable=\"1\"\r\n         data-wheel-scroll=\"1\"\r\n         data-traffic-layer=\"0\"\r\n         data-bike-layer=\"0\"\r\n         data-transit-layer=\"0\"\r\n         data-styling-hue=\"\"\r\n         data-styling-lightness=\"0\"\r\n         data-styling-gamma=\"1\"\r\n         data-styling-saturation=\"0\"><\/div>\r\n<\/div>\r\n\n","protected":false},"excerpt":{"rendered":"<p>A fim de promover melhor acessibilidade, excel\u00eancia no transporte e satisfa\u00e7\u00e3o de nossos clientes, nossa empresa est\u00e1 localizada em um ponto estrat\u00e9gico de Guarulhos, entre o Rodoanel, Rodovia Presidente Dutra e Rodovia Airton Senna, o que viabiliza um melhor atendimento.<\/p>\n","protected":false},"author":1,"featured_media":0,"parent":0,"menu_order":0,"comment_status":"closed","ping_status":"closed","template":"","meta":[],"_links":{"self":[{"href":"https:\/\/www.fulltrucktransportes.com.br\/wp\/wp-json\/wp\/v2\/pages\/39"}],"collection":[{"href":"https:\/\/www.fulltrucktransportes.com.br\/wp\/wp-json\/wp\/v2\/pages"}],"about":[{"href":"https:\/\/www.fulltrucktransportes.com.br\/wp\/wp-json\/wp\/v2\/types\/page"}],"author":[{"embeddable":true,"href":"https:\/\/www.fulltrucktransportes.com.br\/wp\/wp-json\/wp\/v2\/users\/1"}],"replies":[{"embeddable":true,"href":"https:\/\/www.fulltrucktransportes.com.br\/wp\/wp-json\/wp\/v2\/comments?post=39"}],"version-history":[{"count":1,"href":"https:\/\/www.fulltrucktransportes.com.br\/wp\/wp-json\/wp\/v2\/pages\/39\/revisions"}],"predecessor-version":[{"id":40,"href":"https:\/\/www.fulltrucktransportes.com.br\/wp\/wp-json\/wp\/v2\/pages\/39\/revisions\/40"}],"wp:attachment":[{"href":"https:\/\/www.fulltrucktransportes.com.br\/wp\/wp-json\/wp\/v2\/media?parent=39"}],"curies":[{"name":"wp","href":"https:\/\/api.w.org\/{rel}","templated":true}]}}