{"id":46,"date":"2017-04-12T15:35:29","date_gmt":"2017-04-12T18:35:29","guid":{"rendered":"http:\/\/www.fulltrucktransportes.com.br\/wp\/?page_id=46"},"modified":"2017-04-13T09:37:11","modified_gmt":"2017-04-13T12:37:11","slug":"sobre","status":"publish","type":"page","link":"http:\/\/www.fulltrucktransportes.com.br\/wp\/sobre\/","title":{"rendered":"Sobre"},"content":{"rendered":"<p>Fundada em 2015, a empresa <b>FULL TRUCK Transportes e Log\u00edstica <\/b><b>Ltda<\/b> est\u00e1 regularizada em todos os \u00f3rg\u00e3os federais, estaduais e municipais.<\/p>\n<p>Ap\u00f3s estudos e an\u00e1lises do mercado no segmento de Transporte rodovi\u00e1rio de cargas, constatamos que existem fatores imprescind\u00edveis, sendo estes primordiais aos que utilizam desses servi\u00e7os.<\/p>\n<p>Com base nestes princ\u00edpios, nossa empresa presa pelos seus servi\u00e7os com o intuito de proporcionar aos nossos clientes o que \u00e9 fundamental no ramo: <b><i>Seguran\u00e7a, Pontualidade <\/i><\/b>e<b><i> Qualidade<\/i><\/b>.<\/p>\n<p><img loading=\"lazy\" class=\"aligncenter wp-image-47\" src=\"http:\/\/www.fulltrucktransportes.com.br\/wp\/wp-content\/uploads\/2017\/04\/seguranca-qualidade-pontualidade.fw_.png\" alt=\"\" width=\"796\" height=\"244\" srcset=\"http:\/\/www.fulltrucktransportes.com.br\/wp\/wp-content\/uploads\/2017\/04\/seguranca-qualidade-pontualidade.fw_.png 1784w, http:\/\/www.fulltrucktransportes.com.br\/wp\/wp-content\/uploads\/2017\/04\/seguranca-qualidade-pontualidade.fw_-300x92.png 300w, http:\/\/www.fulltrucktransportes.com.br\/wp\/wp-content\/uploads\/2017\/04\/seguranca-qualidade-pontualidade.fw_-768x235.png 768w, http:\/\/www.fulltrucktransportes.com.br\/wp\/wp-content\/uploads\/2017\/04\/seguranca-qualidade-pontualidade.fw_-1024x314.png 1024w\" sizes=\"(max-width: 796px) 100vw, 796px\" \/><\/p>\n<p><img loading=\"lazy\" class=\"aligncenter size-full wp-image-48\" src=\"http:\/\/www.fulltrucktransportes.com.br\/wp\/wp-content\/uploads\/2017\/04\/praxis-ii-business-education-test_118084_large.jpg\" alt=\"\" width=\"800\" height=\"450\" srcset=\"http:\/\/www.fulltrucktransportes.com.br\/wp\/wp-content\/uploads\/2017\/04\/praxis-ii-business-education-test_118084_large.jpg 800w, http:\/\/www.fulltrucktransportes.com.br\/wp\/wp-content\/uploads\/2017\/04\/praxis-ii-business-education-test_118084_large-300x169.jpg 300w, http:\/\/www.fulltrucktransportes.com.br\/wp\/wp-content\/uploads\/2017\/04\/praxis-ii-business-education-test_118084_large-768x432.jpg 768w\" sizes=\"(max-width: 800px) 100vw, 800px\" \/><\/p>\n","protected":false},"excerpt":{"rendered":"<p>Fundada em 2015, a empresa FULL TRUCK Transportes e Log\u00edstica Ltda est\u00e1 regularizada em todos os \u00f3rg\u00e3os federais, estaduais e municipais. Ap\u00f3s estudos e an\u00e1lises do mercado no segmento de Transporte rodovi\u00e1rio de cargas, constatamos que existem fatores imprescind\u00edveis, sendo estes primordiais aos que utilizam desses servi\u00e7os. Com base nestes princ\u00edpios, nossa empresa presa pelos &#8230; <a title=\"Sobre\" class=\"read-more\" href=\"http:\/\/www.fulltrucktransportes.com.br\/wp\/sobre\/\" aria-label=\"More on Sobre\">Ler mais<\/a><\/p>\n","protected":false},"author":1,"featured_media":0,"parent":0,"menu_order":0,"comment_status":"closed","ping_status":"closed","template":"","meta":[],"_links":{"self":[{"href":"http:\/\/www.fulltrucktransportes.com.br\/wp\/wp-json\/wp\/v2\/pages\/46"}],"collection":[{"href":"http:\/\/www.fulltrucktransportes.com.br\/wp\/wp-json\/wp\/v2\/pages"}],"about":[{"href":"http:\/\/www.fulltrucktransportes.com.br\/wp\/wp-json\/wp\/v2\/types\/page"}],"author":[{"embeddable":true,"href":"http:\/\/www.fulltrucktransportes.com.br\/wp\/wp-json\/wp\/v2\/users\/1"}],"replies":[{"embeddable":true,"href":"http:\/\/www.fulltrucktransportes.com.br\/wp\/wp-json\/wp\/v2\/comments?post=46"}],"version-history":[{"count":1,"href":"http:\/\/www.fulltrucktransportes.com.br\/wp\/wp-json\/wp\/v2\/pages\/46\/revisions"}],"predecessor-version":[{"id":49,"href":"http:\/\/www.fulltrucktransportes.com.br\/wp\/wp-json\/wp\/v2\/pages\/46\/revisions\/49"}],"wp:attachment":[{"href":"http:\/\/www.fulltrucktransportes.com.br\/wp\/wp-json\/wp\/v2\/media?parent=46"}],"curies":[{"name":"wp","href":"https:\/\/api.w.org\/{rel}","templated":true}]}}