{"id":27,"date":"2017-04-12T15:22:46","date_gmt":"2017-04-12T18:22:46","guid":{"rendered":"http:\/\/www.fulltrucktransportes.com.br\/wp\/?page_id=27"},"modified":"2017-04-13T09:32:52","modified_gmt":"2017-04-13T12:32:52","slug":"frota","status":"publish","type":"page","link":"http:\/\/www.fulltrucktransportes.com.br\/wp\/frota\/","title":{"rendered":"Frota"},"content":{"rendered":"<p>Realizamos investimentos em renova\u00e7\u00e3o e aumento da nossa frota. Todas nossas cargas s\u00e3o asseguradas pela <b><i>PORTO <\/i><\/b><b><i>SEGUROS<\/i><\/b> para uma maior seguran\u00e7a e tranquilidade. Dispomos de estrutura com representantes e agentes direcionados para atuar em todo territ\u00f3rio nacional. Trabalhamos com frota pr\u00f3pria e agregada, abaixo segue nossas modalidades e especialidades de opera\u00e7\u00e3o:<\/p>\n<p><img loading=\"lazy\" class=\"aligncenter size-full wp-image-28\" src=\"http:\/\/www.fulltrucktransportes.com.br\/wp\/wp-content\/uploads\/2017\/04\/frota.png\" alt=\"\" width=\"310\" height=\"220\" srcset=\"http:\/\/www.fulltrucktransportes.com.br\/wp\/wp-content\/uploads\/2017\/04\/frota.png 310w, http:\/\/www.fulltrucktransportes.com.br\/wp\/wp-content\/uploads\/2017\/04\/frota-300x213.png 300w\" sizes=\"(max-width: 310px) 100vw, 310px\" \/><\/p>\n","protected":false},"excerpt":{"rendered":"<p>Realizamos investimentos em renova\u00e7\u00e3o e aumento da nossa frota. Todas nossas cargas s\u00e3o asseguradas pela PORTO SEGUROS para uma maior seguran\u00e7a e tranquilidade. Dispomos de estrutura com representantes e agentes direcionados para atuar em todo territ\u00f3rio nacional. Trabalhamos com frota pr\u00f3pria e agregada, abaixo segue nossas modalidades e especialidades de opera\u00e7\u00e3o:<\/p>\n","protected":false},"author":1,"featured_media":0,"parent":0,"menu_order":0,"comment_status":"closed","ping_status":"closed","template":"","meta":[],"_links":{"self":[{"href":"http:\/\/www.fulltrucktransportes.com.br\/wp\/wp-json\/wp\/v2\/pages\/27"}],"collection":[{"href":"http:\/\/www.fulltrucktransportes.com.br\/wp\/wp-json\/wp\/v2\/pages"}],"about":[{"href":"http:\/\/www.fulltrucktransportes.com.br\/wp\/wp-json\/wp\/v2\/types\/page"}],"author":[{"embeddable":true,"href":"http:\/\/www.fulltrucktransportes.com.br\/wp\/wp-json\/wp\/v2\/users\/1"}],"replies":[{"embeddable":true,"href":"http:\/\/www.fulltrucktransportes.com.br\/wp\/wp-json\/wp\/v2\/comments?post=27"}],"version-history":[{"count":1,"href":"http:\/\/www.fulltrucktransportes.com.br\/wp\/wp-json\/wp\/v2\/pages\/27\/revisions"}],"predecessor-version":[{"id":29,"href":"http:\/\/www.fulltrucktransportes.com.br\/wp\/wp-json\/wp\/v2\/pages\/27\/revisions\/29"}],"wp:attachment":[{"href":"http:\/\/www.fulltrucktransportes.com.br\/wp\/wp-json\/wp\/v2\/media?parent=27"}],"curies":[{"name":"wp","href":"https:\/\/api.w.org\/{rel}","templated":true}]}}