{"id":24,"date":"2017-04-12T15:12:42","date_gmt":"2017-04-12T18:12:42","guid":{"rendered":"http:\/\/www.fulltrucktransportes.com.br\/wp\/?page_id=24"},"modified":"2017-04-13T11:03:45","modified_gmt":"2017-04-13T14:03:45","slug":"equipe","status":"publish","type":"page","link":"http:\/\/www.fulltrucktransportes.com.br\/wp\/equipe\/","title":{"rendered":"Equipe"},"content":{"rendered":"<p>Toda nossa equipe de profissionais s\u00e3o cadastrados e aprovados pela gerenciadora de riscos <b><i>Buonny<\/i><\/b>. E como sempre prezamos a compet\u00eancia e a aptid\u00e3o em nosso trabalho, todos colaboradores trabalham uniformizados, possuem mais de 2 anos de experi\u00eancia de atua\u00e7\u00e3o na \u00e1rea, capacita\u00e7\u00e3o e aperfei\u00e7oamento dos profissionais s\u00e3o prioridades da nossa empresa.<\/p>\n<p><img loading=\"lazy\" class=\"size-full wp-image-25 aligncenter\" src=\"http:\/\/www.fulltrucktransportes.com.br\/wp\/wp-content\/uploads\/2017\/04\/business-team.jpg\" alt=\"\" width=\"948\" height=\"632\" srcset=\"http:\/\/www.fulltrucktransportes.com.br\/wp\/wp-content\/uploads\/2017\/04\/business-team.jpg 948w, http:\/\/www.fulltrucktransportes.com.br\/wp\/wp-content\/uploads\/2017\/04\/business-team-300x200.jpg 300w, http:\/\/www.fulltrucktransportes.com.br\/wp\/wp-content\/uploads\/2017\/04\/business-team-768x512.jpg 768w\" sizes=\"(max-width: 948px) 100vw, 948px\" \/><\/p>\n","protected":false},"excerpt":{"rendered":"<p>Toda nossa equipe de profissionais s\u00e3o cadastrados e aprovados pela gerenciadora de riscos Buonny. E como sempre prezamos a compet\u00eancia e a aptid\u00e3o em nosso trabalho, todos colaboradores trabalham uniformizados, possuem mais de 2 anos de experi\u00eancia de atua\u00e7\u00e3o na \u00e1rea, capacita\u00e7\u00e3o e aperfei\u00e7oamento dos profissionais s\u00e3o prioridades da nossa empresa.<\/p>\n","protected":false},"author":1,"featured_media":0,"parent":0,"menu_order":0,"comment_status":"closed","ping_status":"closed","template":"","meta":[],"_links":{"self":[{"href":"http:\/\/www.fulltrucktransportes.com.br\/wp\/wp-json\/wp\/v2\/pages\/24"}],"collection":[{"href":"http:\/\/www.fulltrucktransportes.com.br\/wp\/wp-json\/wp\/v2\/pages"}],"about":[{"href":"http:\/\/www.fulltrucktransportes.com.br\/wp\/wp-json\/wp\/v2\/types\/page"}],"author":[{"embeddable":true,"href":"http:\/\/www.fulltrucktransportes.com.br\/wp\/wp-json\/wp\/v2\/users\/1"}],"replies":[{"embeddable":true,"href":"http:\/\/www.fulltrucktransportes.com.br\/wp\/wp-json\/wp\/v2\/comments?post=24"}],"version-history":[{"count":3,"href":"http:\/\/www.fulltrucktransportes.com.br\/wp\/wp-json\/wp\/v2\/pages\/24\/revisions"}],"predecessor-version":[{"id":99,"href":"http:\/\/www.fulltrucktransportes.com.br\/wp\/wp-json\/wp\/v2\/pages\/24\/revisions\/99"}],"wp:attachment":[{"href":"http:\/\/www.fulltrucktransportes.com.br\/wp\/wp-json\/wp\/v2\/media?parent=24"}],"curies":[{"name":"wp","href":"https:\/\/api.w.org\/{rel}","templated":true}]}}